{"id":165,"date":"2024-10-18T06:59:27","date_gmt":"2024-10-18T06:59:27","guid":{"rendered":"https:\/\/pirineu.motortarrega.com\/politica-de-cookies\/"},"modified":"2025-04-11T08:34:44","modified_gmt":"2025-04-11T08:34:44","slug":"politica-de-cookies","status":"publish","type":"page","link":"https:\/\/pirineu.motortarrega.com\/ca\/politica-de-cookies\/","title":{"rendered":"Pol\u00edtica de cookies"},"content":{"rendered":"\t\t<div data-elementor-type=\"wp-page\" data-elementor-id=\"165\" class=\"elementor elementor-165 elementor-104\" data-elementor-post-type=\"page\">\n\t\t\t\t<div class=\"elementor-element elementor-element-72170b8f e-flex e-con-boxed e-con e-parent\" data-id=\"72170b8f\" data-element_type=\"container\" data-e-type=\"container\">\n\t\t\t\t\t<div class=\"e-con-inner\">\n\t\t<div class=\"elementor-element elementor-element-1206003b e-con-full e-flex e-con e-child\" data-id=\"1206003b\" data-element_type=\"container\" data-e-type=\"container\">\n\t\t\t\t<div class=\"elementor-element elementor-element-23e552c0 elementor-widget elementor-widget-heading\" data-id=\"23e552c0\" data-element_type=\"widget\" data-e-type=\"widget\" data-widget_type=\"heading.default\">\n\t\t\t\t<div class=\"elementor-widget-container\">\n\t\t\t\t\t<h2 class=\"elementor-heading-title elementor-size-default\">Pol\u00edtica de cookies<\/h2>\t\t\t\t<\/div>\n\t\t\t\t<\/div>\n\t\t\t\t<div class=\"elementor-element elementor-element-558265b7 elementor-widget elementor-widget-text-editor\" data-id=\"558265b7\" data-element_type=\"widget\" data-e-type=\"widget\" data-widget_type=\"text-editor.default\">\n\t\t\t\t<div class=\"elementor-widget-container\">\n\t\t\t\t\t\t\t\t\t<p>A <strong>Motor Tarrega Pirineu<\/strong> utilitzem cookies per millorar l&#8217;experi\u00e8ncia de l&#8217;usuari a la nostra web. A continuaci\u00f3, expliquem qu\u00e8 s\u00f3n les galetes, quin tipus de galetes utilitzem i com les pots gestionar. <\/p><ol><li><p><strong>Qu\u00e8 s\u00f3n les galetes?<\/strong><br>Les cookies s\u00f3n petits fitxers de text que s&#8217;emmagatzemen al navegador de l&#8217;usuari quan visita el nostre lloc web. Serveixen per millorar la navegaci\u00f3, analitzar l\u00fas del lloc i personalitzar el contingut. <\/p><\/li><li><p><strong>Tipus de cookies utilitzades<\/strong> :<\/p><ul><li><strong>Galetes t\u00e8cniques<\/strong> : S\u00f3n essencials per al correcte funcionament del lloc web i permeten a l&#8217;usuari la navegaci\u00f3 a trav\u00e9s del mateix.<\/li><li><strong>Cookies anal\u00edtiques<\/strong> : Ens permeten mesurar i analitzar el comportament dels usuaris al nostre lloc web per tal de millorar-ne el funcionament.<\/li><li><strong>Galetes de personalitzaci\u00f3<\/strong> : Permeten recordar prefer\u00e8ncies de l&#8217;usuari, com ara l&#8217;idioma o la configuraci\u00f3 del lloc.<\/li><\/ul><\/li><li><p><strong>Com gestionar les galetes?<\/strong><br>L&#8217;usuari pot permetre, bloquejar o eliminar les cookies instal\u00b7lades al vostre equip a trav\u00e9s de la configuraci\u00f3 del navegador. A continuaci\u00f3, t&#8217;indiquem com fer-ho als navegadors m\u00e9s comuns: <\/p><ul><li><strong>Google Chrome<\/strong> : <a target=\"_new\" rel=\"noopener\">Instruccions<\/a><\/li><li><strong>Mozilla Firefox<\/strong> : <a href=\"https:\/\/support.mozilla.org\/es\/kb\/habilitar-y-deshabilitar-cookies-sitios-web-rastrear-preferencias\" target=\"_new\" rel=\"noopener\">Instruccions<\/a><\/li><li><strong>Microsoft Edge<\/strong> : <a href=\"https:\/\/support.microsoft.com\/es-es\/help\/4027947\/microsoft-edge-delete-cookies\" target=\"_new\" rel=\"noopener\">Instruccions<\/a><\/li><li><strong>Safari<\/strong> : <a href=\"https:\/\/support.apple.com\/es-es\/guide\/safari\/sfri11471\/mac\" target=\"_new\" rel=\"noopener\">Instruccions<\/a><\/li><\/ul><\/li><li><p><strong>Modificaci\u00f3 de la pol\u00edtica de cookies<\/strong> :<br> Ens reservem el dret de modificar aquesta pol\u00edtica de cookies en qualsevol moment, per aix\u00f2 recomanem als usuaris que revisin aquesta secci\u00f3 peri\u00f2dicament.<\/p><\/li><\/ol>\t\t\t\t\t\t\t\t<\/div>\n\t\t\t\t<\/div>\n\t\t\t\t<\/div>\n\t\t\t\t\t<\/div>\n\t\t\t\t<\/div>\n\t\t\t\t<\/div>\n\t\t","protected":false},"excerpt":{"rendered":"<p>A Motor Tarrega Pirineu utilitzem cookies per millorar l&#8217;experi\u00e8ncia de l&#8217;usuari a la nostra web. A continuaci\u00f3, expliquem qu\u00e8 s\u00f3n les galetes, quin tipus de galetes utilitzem i com les pots gestionar. Qu\u00e8 s\u00f3n les galetes?Les cookies s\u00f3n petits fitxers de text que s&#8217;emmagatzemen al navegador de l&#8217;usuari quan visita el nostre lloc web. Serveixen [&hellip;]<\/p>\n","protected":false},"author":1,"featured_media":0,"parent":0,"menu_order":0,"comment_status":"closed","ping_status":"closed","template":"","meta":{"footnotes":""},"class_list":["post-165","page","type-page","status-publish","hentry"],"_links":{"self":[{"href":"https:\/\/pirineu.motortarrega.com\/ca\/wp-json\/wp\/v2\/pages\/165","targetHints":{"allow":["GET"]}}],"collection":[{"href":"https:\/\/pirineu.motortarrega.com\/ca\/wp-json\/wp\/v2\/pages"}],"about":[{"href":"https:\/\/pirineu.motortarrega.com\/ca\/wp-json\/wp\/v2\/types\/page"}],"author":[{"embeddable":true,"href":"https:\/\/pirineu.motortarrega.com\/ca\/wp-json\/wp\/v2\/users\/1"}],"replies":[{"embeddable":true,"href":"https:\/\/pirineu.motortarrega.com\/ca\/wp-json\/wp\/v2\/comments?post=165"}],"version-history":[{"count":1,"href":"https:\/\/pirineu.motortarrega.com\/ca\/wp-json\/wp\/v2\/pages\/165\/revisions"}],"predecessor-version":[{"id":166,"href":"https:\/\/pirineu.motortarrega.com\/ca\/wp-json\/wp\/v2\/pages\/165\/revisions\/166"}],"wp:attachment":[{"href":"https:\/\/pirineu.motortarrega.com\/ca\/wp-json\/wp\/v2\/media?parent=165"}],"curies":[{"name":"wp","href":"https:\/\/api.w.org\/{rel}","templated":true}]}}