{"id":163,"date":"2024-10-18T06:58:45","date_gmt":"2024-10-18T06:58:45","guid":{"rendered":"https:\/\/pirineu.motortarrega.com\/politica-de-privadesa\/"},"modified":"2025-04-11T08:34:33","modified_gmt":"2025-04-11T08:34:33","slug":"politica-de-privadesa","status":"publish","type":"page","link":"https:\/\/pirineu.motortarrega.com\/ca\/politica-de-privadesa\/","title":{"rendered":"Pol\u00edtica de privadesa"},"content":{"rendered":"\t\t<div data-elementor-type=\"wp-page\" data-elementor-id=\"163\" class=\"elementor elementor-163 elementor-99\" data-elementor-post-type=\"page\">\n\t\t\t\t<div class=\"elementor-element elementor-element-7becda57 e-flex e-con-boxed e-con e-parent\" data-id=\"7becda57\" data-element_type=\"container\" data-e-type=\"container\">\n\t\t\t\t\t<div class=\"e-con-inner\">\n\t\t<div class=\"elementor-element elementor-element-7c7d6092 e-con-full e-flex e-con e-child\" data-id=\"7c7d6092\" data-element_type=\"container\" data-e-type=\"container\">\n\t\t\t\t<div class=\"elementor-element elementor-element-3527ddbb elementor-widget elementor-widget-heading\" data-id=\"3527ddbb\" data-element_type=\"widget\" data-e-type=\"widget\" data-widget_type=\"heading.default\">\n\t\t\t\t<div class=\"elementor-widget-container\">\n\t\t\t\t\t<h2 class=\"elementor-heading-title elementor-size-default\">Pol\u00edtica de privadesa<\/h2>\t\t\t\t<\/div>\n\t\t\t\t<\/div>\n\t\t\t\t<div class=\"elementor-element elementor-element-6440b782 elementor-widget elementor-widget-text-editor\" data-id=\"6440b782\" data-element_type=\"widget\" data-e-type=\"widget\" data-widget_type=\"text-editor.default\">\n\t\t\t\t<div class=\"elementor-widget-container\">\n\t\t\t\t\t\t\t\t\t<p>A <strong>Motor Tarrega Pirineu<\/strong> , ens comprometem a protegir la privadesa dels usuaris del nostre lloc web i dels nostres clients. A continuaci\u00f3, detallem com tractem i protegim les dades personals.<\/p><ol><li><p><strong>Responsable del tractament<\/strong> :<br><strong>Motor Tarrega Pirineu<\/strong><br> Ctra. N-260 km. 230<br> CP: 25700 La Seu d&#8217;Urgell<br> Correu electr\u00f2nic: <a rel=\"noopener\">laseu@motortarrega.com<\/a><br> Tel\u00e8fon: +34 973 35 24 22<\/p><\/li><li><p><strong>Dades que recollim<\/strong> : Podem recollir informaci\u00f3 personal com a nom, adre\u00e7a, correu electr\u00f2nic i n\u00famero de tel\u00e8fon quan els usuaris ens contacten a trav\u00e9s del lloc web o mitjan\u00e7ant altres canals.<\/p><\/li><li><p><strong>Finalitat del tractament<\/strong> : Les dades personals que recollim s&#8217;utilitzen per tal de prestar els nostres serveis, gestionar consultes, fer enviaments d&#8217;informaci\u00f3 comercial (si l&#8217;usuari ho autoritza) i millorar l&#8217;experi\u00e8ncia de l&#8217;usuari al nostre lloc web.<\/p><\/li><li><p><strong>Legitimaci\u00f3<\/strong> : La base legal per al tractament de les dades \u00e9s el consentiment de l&#8217;interessat i la necessitat per a l&#8217;execuci\u00f3 d&#8217;un contracte o la prestaci\u00f3 d&#8217;un servei sol\u00b7licitat per l&#8217;usuari.<\/p><\/li><li><p><strong>Destinataris<\/strong> : No cedirem les dades a tercers excepte en els casos previstos legalment o quan sigui necessari per a la prestaci\u00f3 d&#8217;un servei sol\u00b7licitat per l&#8217;usuari.<\/p><\/li><li><p><strong>Drets dels usuaris<\/strong> : Els usuaris tenen dret a accedir, rectificar, suprimir i oposar-se al tractament de les seves dades personals, aix\u00ed com a la portabilitat dels mateixos. Tamb\u00e9 tenen dret a retirar el consentiment en qualsevol moment.<\/p><\/li><li><p><strong>Durada de l&#8217;emmagatzematge<\/strong> : Les dades personals es conservaran mentre siguin necess\u00e0ries per complir amb la finalitat per a la qual van ser recollides o fins que l&#8217;usuari sol\u00b7licite la supressi\u00f3.<\/p><\/li><li><p><strong>Mesures de seguretat<\/strong> : Hem implementat mesures t\u00e8cniques i organitzatives adequades per protegir les dades personals contra p\u00e8rdua, \u00fas indegut, acc\u00e9s no autoritzat, divulgaci\u00f3 i alteraci\u00f3.<\/p><\/li><li><p><strong>Modificaci\u00f3 de la pol\u00edtica<\/strong> : Ens reservem el dret de modificar aquesta pol\u00edtica de privadesa en qualsevol moment per adaptar-la a novetats legislatives o canvis en les nostres activitats.<\/p><\/li><\/ol>\t\t\t\t\t\t\t\t<\/div>\n\t\t\t\t<\/div>\n\t\t\t\t<\/div>\n\t\t\t\t\t<\/div>\n\t\t\t\t<\/div>\n\t\t\t\t<\/div>\n\t\t","protected":false},"excerpt":{"rendered":"<p>A Motor Tarrega Pirineu , ens comprometem a protegir la privadesa dels usuaris del nostre lloc web i dels nostres clients. A continuaci\u00f3, detallem com tractem i protegim les dades personals. Responsable del tractament :Motor Tarrega Pirineu Ctra. N-260 km. 230 CP: 25700 La Seu d&#8217;Urgell Correu electr\u00f2nic: laseu@motortarrega.com Tel\u00e8fon: +34 973 35 24 22 [&hellip;]<\/p>\n","protected":false},"author":1,"featured_media":0,"parent":0,"menu_order":0,"comment_status":"closed","ping_status":"closed","template":"","meta":{"footnotes":""},"class_list":["post-163","page","type-page","status-publish","hentry"],"_links":{"self":[{"href":"https:\/\/pirineu.motortarrega.com\/ca\/wp-json\/wp\/v2\/pages\/163","targetHints":{"allow":["GET"]}}],"collection":[{"href":"https:\/\/pirineu.motortarrega.com\/ca\/wp-json\/wp\/v2\/pages"}],"about":[{"href":"https:\/\/pirineu.motortarrega.com\/ca\/wp-json\/wp\/v2\/types\/page"}],"author":[{"embeddable":true,"href":"https:\/\/pirineu.motortarrega.com\/ca\/wp-json\/wp\/v2\/users\/1"}],"replies":[{"embeddable":true,"href":"https:\/\/pirineu.motortarrega.com\/ca\/wp-json\/wp\/v2\/comments?post=163"}],"version-history":[{"count":1,"href":"https:\/\/pirineu.motortarrega.com\/ca\/wp-json\/wp\/v2\/pages\/163\/revisions"}],"predecessor-version":[{"id":164,"href":"https:\/\/pirineu.motortarrega.com\/ca\/wp-json\/wp\/v2\/pages\/163\/revisions\/164"}],"wp:attachment":[{"href":"https:\/\/pirineu.motortarrega.com\/ca\/wp-json\/wp\/v2\/media?parent=163"}],"curies":[{"name":"wp","href":"https:\/\/api.w.org\/{rel}","templated":true}]}}