{"id":161,"date":"2024-10-18T06:57:30","date_gmt":"2024-10-18T06:57:30","guid":{"rendered":"https:\/\/pirineu.motortarrega.com\/avis-legal\/"},"modified":"2025-04-11T08:34:22","modified_gmt":"2025-04-11T08:34:22","slug":"avis-legal","status":"publish","type":"page","link":"https:\/\/pirineu.motortarrega.com\/ca\/avis-legal\/","title":{"rendered":"Av\u00eds legal"},"content":{"rendered":"\t\t<div data-elementor-type=\"wp-page\" data-elementor-id=\"161\" class=\"elementor elementor-161 elementor-91\" data-elementor-post-type=\"page\">\n\t\t\t\t<div class=\"elementor-element elementor-element-1e8bfef e-flex e-con-boxed e-con e-parent\" data-id=\"1e8bfef\" data-element_type=\"container\" data-e-type=\"container\">\n\t\t\t\t\t<div class=\"e-con-inner\">\n\t\t<div class=\"elementor-element elementor-element-c3a6d6f e-con-full e-flex e-con e-child\" data-id=\"c3a6d6f\" data-element_type=\"container\" data-e-type=\"container\">\n\t\t\t\t<div class=\"elementor-element elementor-element-76b6e75 elementor-widget elementor-widget-heading\" data-id=\"76b6e75\" data-element_type=\"widget\" data-e-type=\"widget\" data-widget_type=\"heading.default\">\n\t\t\t\t<div class=\"elementor-widget-container\">\n\t\t\t\t\t<h2 class=\"elementor-heading-title elementor-size-default\">Av\u00eds legal<\/h2>\t\t\t\t<\/div>\n\t\t\t\t<\/div>\n\t\t\t\t<div class=\"elementor-element elementor-element-5d1d07d elementor-widget elementor-widget-text-editor\" data-id=\"5d1d07d\" data-element_type=\"widget\" data-e-type=\"widget\" data-widget_type=\"text-editor.default\">\n\t\t\t\t<div class=\"elementor-widget-container\">\n\t\t\t\t\t\t\t\t\t<p>En compliment de la Llei 34\/2002, d&#8217;11 de juliol, de Serveis de la Societat de la Informaci\u00f3 i Comer\u00e7 Electr\u00f2nic (LSSICE), informem els usuaris dels seg\u00fcents termes i condicions d&#8217;\u00fas de la p\u00e0gina web de <strong>Motor Tarrega Pirineu<\/strong> .<\/p><ol><li><strong>Propietat del lloc web<\/strong> : Aquest lloc web \u00e9s propietat de <strong>Motor Tarrega Pirineu<\/strong> , amb les dades de contacte indicades a dalt.<\/li><li><strong>Condicions d&#8217;\u00fas<\/strong> : L&#8217;acc\u00e9s i l&#8217;\u00fas d&#8217;aquest lloc web est\u00e0 subjecte als termes i condicions legals establerts en aquest av\u00eds. En accedir al lloc web, lusuari accepta plenament aquestes condicions. <\/li><li><strong>Drets de propietat intel\u00b7lectual<\/strong> : Tot el contingut del lloc web (textos, imatges, logotips, gr\u00e0fics, etc.) \u00e9s propietat de <strong>Motor Tarrega Pirineu<\/strong> o dels seus llicenciants, i est\u00e0 protegit per les lleis de propietat intel\u00b7lectual. Queda prohibida la reproducci\u00f3, distribuci\u00f3 o modificaci\u00f3 sense autoritzaci\u00f3 pr\u00e8via. <\/li><li><strong>Limitaci\u00f3 de responsabilitat<\/strong> : <strong>Motor Tarrega Pirineu<\/strong> no es responsabilitza pel mal \u00fas que es faci dels continguts del lloc web, sent exclusiva responsabilitat de l&#8217;usuari que hi accedeixi o els utilitzi.<\/li><li><strong>Enlla\u00e7os a tercers<\/strong> : Aquest lloc web pot contenir enlla\u00e7os a llocs web de tercers. <strong>Motor Tarrega Pirineu<\/strong> no es fa responsable del contingut ni de les pol\u00edtiques de privadesa d&#8217;aquests llocs externs.<\/li><li><strong>Modificaci\u00f3 dels termes<\/strong> : <strong>Motor Tarrega Pirineu<\/strong> es reserva el dret de modificar aquests termes i condicions en qualsevol moment, per la qual cosa l&#8217;usuari haur\u00e0 de revisar-los peri\u00f2dicament.<\/li><\/ol>\t\t\t\t\t\t\t\t<\/div>\n\t\t\t\t<\/div>\n\t\t\t\t<\/div>\n\t\t\t\t\t<\/div>\n\t\t\t\t<\/div>\n\t\t\t\t<\/div>\n\t\t","protected":false},"excerpt":{"rendered":"<p>En compliment de la Llei 34\/2002, d&#8217;11 de juliol, de Serveis de la Societat de la Informaci\u00f3 i Comer\u00e7 Electr\u00f2nic (LSSICE), informem els usuaris dels seg\u00fcents termes i condicions d&#8217;\u00fas de la p\u00e0gina web de Motor Tarrega Pirineu . Propietat del lloc web : Aquest lloc web \u00e9s propietat de Motor Tarrega Pirineu , amb [&hellip;]<\/p>\n","protected":false},"author":1,"featured_media":0,"parent":0,"menu_order":0,"comment_status":"closed","ping_status":"closed","template":"","meta":{"footnotes":""},"class_list":["post-161","page","type-page","status-publish","hentry"],"_links":{"self":[{"href":"https:\/\/pirineu.motortarrega.com\/ca\/wp-json\/wp\/v2\/pages\/161","targetHints":{"allow":["GET"]}}],"collection":[{"href":"https:\/\/pirineu.motortarrega.com\/ca\/wp-json\/wp\/v2\/pages"}],"about":[{"href":"https:\/\/pirineu.motortarrega.com\/ca\/wp-json\/wp\/v2\/types\/page"}],"author":[{"embeddable":true,"href":"https:\/\/pirineu.motortarrega.com\/ca\/wp-json\/wp\/v2\/users\/1"}],"replies":[{"embeddable":true,"href":"https:\/\/pirineu.motortarrega.com\/ca\/wp-json\/wp\/v2\/comments?post=161"}],"version-history":[{"count":1,"href":"https:\/\/pirineu.motortarrega.com\/ca\/wp-json\/wp\/v2\/pages\/161\/revisions"}],"predecessor-version":[{"id":162,"href":"https:\/\/pirineu.motortarrega.com\/ca\/wp-json\/wp\/v2\/pages\/161\/revisions\/162"}],"wp:attachment":[{"href":"https:\/\/pirineu.motortarrega.com\/ca\/wp-json\/wp\/v2\/media?parent=161"}],"curies":[{"name":"wp","href":"https:\/\/api.w.org\/{rel}","templated":true}]}}